{"id":1576,"date":"2021-11-01T13:20:14","date_gmt":"2021-11-01T13:20:14","guid":{"rendered":"https:\/\/services.bevrd.dz\/?page_id=1576"},"modified":"2021-11-06T10:05:02","modified_gmt":"2021-11-06T10:05:02","slug":"materiel","status":"publish","type":"page","link":"https:\/\/services.bevrd.dz\/?page_id=1576","title":{"rendered":"Mat\u00e9riels"},"content":{"rendered":"\r\n<p class=\"has-text-align-center has-very-dark-gray-color has-text-color has-normal-font-size\" dir=\"ltr\">Le SARL BEVRD dispose\u00a0\u00a0 d&#8217;un mat\u00e9riel sophistiqu\u00e9 pour mener \u00e0 bien les \u00e9tudes.<\/p>\r\n\r\n\r\n<hr class=\"wp-block-separator\" \/>\r\n\r\n\r\n<div class=\"wp-block-columns is-layout-flex wp-container-core-columns-is-layout-1 wp-block-columns-is-layout-flex\">\r\n<div class=\"wp-block-column is-layout-flow wp-block-column-is-layout-flow\">\r\n<figure class=\"wp-block-image size-full is-resized\"><img loading=\"lazy\" decoding=\"async\" class=\"wp-image-1577\" src=\"https:\/\/services.bevrd.dz\/wp-content\/uploads\/2021\/11\/GPS1200B-removebg-preview.png\" alt=\"\" width=\"226\" height=\"277\" srcset=\"https:\/\/services.bevrd.dz\/wp-content\/uploads\/2021\/11\/GPS1200B-removebg-preview.png 451w, https:\/\/services.bevrd.dz\/wp-content\/uploads\/2021\/11\/GPS1200B-removebg-preview-245x300.png 245w\" sizes=\"auto, (max-width: 226px) 100vw, 226px\" \/>\r\n<figcaption><span class=\"has-inline-color has-black-color\"><strong>Leica GPS1200 bi-fr\u00e9quence<\/strong><\/span><\/figcaption>\r\n<\/figure>\r\n\r\n\r\n\r\n<p>&nbsp;<\/p>\r\n<\/div>\r\n\r\n\r\n\r\n<div class=\"wp-block-column is-layout-flow wp-block-column-is-layout-flow\">\r\n<figure class=\"wp-block-image size-full is-resized\"><img loading=\"lazy\" decoding=\"async\" class=\"wp-image-1578\" src=\"https:\/\/services.bevrd.dz\/wp-content\/uploads\/2021\/11\/IMG_1510-removebg-preview.png\" alt=\"\" width=\"203\" height=\"308\" srcset=\"https:\/\/services.bevrd.dz\/wp-content\/uploads\/2021\/11\/IMG_1510-removebg-preview.png 405w, https:\/\/services.bevrd.dz\/wp-content\/uploads\/2021\/11\/IMG_1510-removebg-preview-197x300.png 197w\" sizes=\"auto, (max-width: 203px) 100vw, 203px\" \/>\r\n<figcaption><strong><strong>Leica GS15bi-fr\u00e9quence<\/strong><\/strong><\/figcaption>\r\n<\/figure>\r\n\r\n\r\n\r\n<p>&nbsp;<\/p>\r\n<\/div>\r\n\r\n\r\n\r\n<div class=\"wp-block-column is-layout-flow wp-block-column-is-layout-flow\">\r\n<figure class=\"wp-block-image size-full is-resized\"><img loading=\"lazy\" decoding=\"async\" class=\"wp-image-1579\" src=\"https:\/\/services.bevrd.dz\/wp-content\/uploads\/2021\/11\/ts15-removebg-preview.png\" alt=\"\" width=\"192\" height=\"256\" srcset=\"https:\/\/services.bevrd.dz\/wp-content\/uploads\/2021\/11\/ts15-removebg-preview.png 384w, https:\/\/services.bevrd.dz\/wp-content\/uploads\/2021\/11\/ts15-removebg-preview-225x300.png 225w\" sizes=\"auto, (max-width: 192px) 100vw, 192px\" \/>\r\n<figcaption><strong>Leica Ts15<\/strong><\/figcaption>\r\n<\/figure>\r\n<\/div>\r\n\r\n\r\n\r\n<div class=\"wp-block-column is-layout-flow wp-block-column-is-layout-flow\">\r\n<figure class=\"wp-block-image size-full is-resized\"><img loading=\"lazy\" decoding=\"async\" class=\"wp-image-1619\" src=\"https:\/\/services.bevrd.dz\/wp-content\/uploads\/2021\/11\/GARMIN-GPSMAP-60CX-A.jpg\" alt=\"\" width=\"150\" height=\"150\" srcset=\"https:\/\/services.bevrd.dz\/wp-content\/uploads\/2021\/11\/GARMIN-GPSMAP-60CX-A.jpg 300w, https:\/\/services.bevrd.dz\/wp-content\/uploads\/2021\/11\/GARMIN-GPSMAP-60CX-A-150x150.jpg 150w\" sizes=\"auto, (max-width: 150px) 100vw, 150px\" \/>\r\n<figcaption><strong>Garmin Gpsmap 60cx<\/strong><\/figcaption>\r\n<\/figure>\r\n\r\n\r\n\r\n<p>&nbsp;<\/p>\r\n<\/div>\r\n<\/div>\r\n\r\n\r\n<hr class=\"wp-block-separator is-style-default\" \/>\r\n\r\n\r\n<div class=\"wp-block-columns is-layout-flex wp-container-core-columns-is-layout-2 wp-block-columns-is-layout-flex\">\r\n<div class=\"wp-block-column is-layout-flow wp-block-column-is-layout-flow\">\r\n<figure class=\"wp-block-image size-full is-resized\"><img loading=\"lazy\" decoding=\"async\" class=\"wp-image-1585\" src=\"https:\/\/services.bevrd.dz\/wp-content\/uploads\/2021\/11\/detecteur-de-metaux-bc4-removebg-preview.png\" alt=\"\" width=\"220\" height=\"211\" srcset=\"https:\/\/services.bevrd.dz\/wp-content\/uploads\/2021\/11\/detecteur-de-metaux-bc4-removebg-preview.png 440w, https:\/\/services.bevrd.dz\/wp-content\/uploads\/2021\/11\/detecteur-de-metaux-bc4-removebg-preview-300x288.png 300w\" sizes=\"auto, (max-width: 220px) 100vw, 220px\" \/>\r\n<figcaption><strong>D\u00e9tecteur Des M\u00e9taux B.D6<\/strong><\/figcaption>\r\n<\/figure>\r\n\r\n\r\n\r\n<p>&nbsp;<\/p>\r\n<\/div>\r\n\r\n\r\n\r\n<div class=\"wp-block-column is-vertically-aligned-bottom is-layout-flow wp-block-column-is-layout-flow\">\r\n<figure class=\"wp-block-image size-full is-resized\"><img loading=\"lazy\" decoding=\"async\" class=\"wp-image-1649\" src=\"https:\/\/services.bevrd.dz\/wp-content\/uploads\/2021\/11\/SR20__D-removebg-preview-1.png\" alt=\"\" width=\"193\" height=\"193\" srcset=\"https:\/\/services.bevrd.dz\/wp-content\/uploads\/2021\/11\/SR20__D-removebg-preview-1.png 385w, https:\/\/services.bevrd.dz\/wp-content\/uploads\/2021\/11\/SR20__D-removebg-preview-1-300x300.png 300w, https:\/\/services.bevrd.dz\/wp-content\/uploads\/2021\/11\/SR20__D-removebg-preview-1-150x150.png 150w\" sizes=\"auto, (max-width: 193px) 100vw, 193px\" \/>\r\n<figcaption><strong><strong>Ridgid Seektech Sr-20<\/strong><\/strong><\/figcaption>\r\n<\/figure>\r\n<\/div>\r\n\r\n\r\n\r\n<div class=\"wp-block-column is-layout-flow wp-block-column-is-layout-flow\">\r\n<figure class=\"wp-block-image size-full is-resized\"><img loading=\"lazy\" decoding=\"async\" class=\"wp-image-1607\" src=\"https:\/\/services.bevrd.dz\/wp-content\/uploads\/2021\/11\/radar.jpg\" alt=\"\" width=\"173\" height=\"175\" srcset=\"https:\/\/services.bevrd.dz\/wp-content\/uploads\/2021\/11\/radar.jpg 345w, https:\/\/services.bevrd.dz\/wp-content\/uploads\/2021\/11\/radar-296x300.jpg 296w\" sizes=\"auto, (max-width: 173px) 100vw, 173px\" \/>\r\n<figcaption><strong>Mag Sys Peli 1200 case<\/strong><\/figcaption>\r\n<\/figure>\r\n\r\n\r\n\r\n<p>&nbsp;<\/p>\r\n<\/div>\r\n\r\n\r\n\r\n<div class=\"wp-block-column is-layout-flow wp-block-column-is-layout-flow\">\r\n<figure class=\"wp-block-image size-full is-resized\"><img loading=\"lazy\" decoding=\"async\" class=\"wp-image-1608\" src=\"https:\/\/services.bevrd.dz\/wp-content\/uploads\/2021\/11\/pasi-removebg-preview-1.png\" alt=\"\" width=\"123\" height=\"170\" srcset=\"https:\/\/services.bevrd.dz\/wp-content\/uploads\/2021\/11\/pasi-removebg-preview-1.png 245w, https:\/\/services.bevrd.dz\/wp-content\/uploads\/2021\/11\/pasi-removebg-preview-1-217x300.png 217w\" sizes=\"auto, (max-width: 123px) 100vw, 123px\" \/>\r\n<figcaption><strong>ResistivimetrePasi 16 Gl<\/strong><\/figcaption>\r\n<\/figure>\r\n<\/div>\r\n<\/div>\r\n\r\n\r\n<hr class=\"wp-block-separator is-style-wide\" \/>\r\n\r\n\r\n<div class=\"wp-block-columns is-layout-flex wp-container-core-columns-is-layout-3 wp-block-columns-is-layout-flex\">\r\n<div class=\"wp-block-column is-layout-flow wp-block-column-is-layout-flow\">\r\n<figure class=\"wp-block-image size-full is-resized\"><img loading=\"lazy\" decoding=\"async\" class=\"wp-image-1624\" src=\"https:\/\/services.bevrd.dz\/wp-content\/uploads\/2021\/11\/Image2.png\" alt=\"\" width=\"99\" height=\"119\" \/>\r\n<figcaption><strong>Leica DIGICAT 200<\/strong><\/figcaption>\r\n<\/figure>\r\n<\/div>\r\n\r\n\r\n\r\n<div class=\"wp-block-column is-layout-flow wp-block-column-is-layout-flow\">\r\n<figure class=\"wp-block-image size-full is-resized\"><img loading=\"lazy\" decoding=\"async\" class=\"wp-image-1638\" src=\"https:\/\/services.bevrd.dz\/wp-content\/uploads\/2021\/11\/risistv.png\" alt=\"\" width=\"114\" height=\"104\" \/><\/figure>\r\n\r\n\r\n\r\n<p><strong>SEWERIN AQUAPHON A 200<\/strong><\/p>\r\n<\/div>\r\n\r\n\r\n\r\n<div class=\"wp-block-column is-layout-flow wp-block-column-is-layout-flow\">\r\n<figure class=\"wp-block-image size-full is-resized\"><img loading=\"lazy\" decoding=\"async\" class=\"wp-image-1642\" src=\"https:\/\/services.bevrd.dz\/wp-content\/uploads\/2021\/11\/camera.png\" alt=\"\" width=\"67\" height=\"93\" \/>\r\n<figcaption><strong>Camera D&#8217;inspection De Canalisation<\/strong><\/figcaption>\r\n<\/figure>\r\n<\/div>\r\n<\/div>\r\n\r\n\r\n\r\n<p>&nbsp;<\/p>\r\n\r\n\r\n<hr class=\"wp-block-separator\" \/>\r\n\r\n\r\n<p>&nbsp;<\/p>\r\n","protected":false},"excerpt":{"rendered":"<p>Le SARL BEVRD dispose\u00a0\u00a0 d&#8217;un mat\u00e9riel sophistiqu\u00e9 pour mener \u00e0 bien les \u00e9tudes. &nbsp; &nbsp; &nbsp; &nbsp; &nbsp; SEWERIN AQUAPHON A 200 &nbsp; &nbsp;<\/p>\n","protected":false},"author":1,"featured_media":0,"parent":0,"menu_order":0,"comment_status":"closed","ping_status":"closed","template":"","meta":{"footnotes":""},"class_list":["post-1576","page","type-page","status-publish","hentry"],"_links":{"self":[{"href":"https:\/\/services.bevrd.dz\/index.php?rest_route=\/wp\/v2\/pages\/1576","targetHints":{"allow":["GET"]}}],"collection":[{"href":"https:\/\/services.bevrd.dz\/index.php?rest_route=\/wp\/v2\/pages"}],"about":[{"href":"https:\/\/services.bevrd.dz\/index.php?rest_route=\/wp\/v2\/types\/page"}],"author":[{"embeddable":true,"href":"https:\/\/services.bevrd.dz\/index.php?rest_route=\/wp\/v2\/users\/1"}],"replies":[{"embeddable":true,"href":"https:\/\/services.bevrd.dz\/index.php?rest_route=%2Fwp%2Fv2%2Fcomments&post=1576"}],"version-history":[{"count":35,"href":"https:\/\/services.bevrd.dz\/index.php?rest_route=\/wp\/v2\/pages\/1576\/revisions"}],"predecessor-version":[{"id":1655,"href":"https:\/\/services.bevrd.dz\/index.php?rest_route=\/wp\/v2\/pages\/1576\/revisions\/1655"}],"wp:attachment":[{"href":"https:\/\/services.bevrd.dz\/index.php?rest_route=%2Fwp%2Fv2%2Fmedia&parent=1576"}],"curies":[{"name":"wp","href":"https:\/\/api.w.org\/{rel}","templated":true}]}}