{"id":1166,"date":"2020-06-26T14:57:56","date_gmt":"2020-06-26T14:57:56","guid":{"rendered":"http:\/\/store.bevrdbis.com\/staging\/?page_id=1166"},"modified":"2020-07-11T12:57:40","modified_gmt":"2020-07-11T12:57:40","slug":"accueil","status":"publish","type":"page","link":"https:\/\/services.bevrd.dz\/?page_id=1166","title":{"rendered":"Coordonn\u00e9es"},"content":{"rendered":"\n<p dir=\"ltr\">Le<strong> BEVRD<\/strong> est un bureau d\u2019\u00e9tudes techniques et d\u2019ing\u00e9nierie sp\u00e9cialis\u00e9 dans le domaine de cartographie num\u00e9rique et SIG, \u00e9tudes de route, Hydraulique et topographie.<\/p>\n\n\n\n<p dir=\"ltr\">Comptant sur le savoir-faire acquis par son exp\u00e9rience professionnelle durant 25 ans , le BEVRD est capable de traiter les projets de la phase initiale (importation de donn\u00e9es de terrain) \u00e0 la phase finale (\u00e9dition graphique et quantitatifs optimis\u00e9s).<\/p>\n\n\n\n<p class=\"has-text-align-center\"><strong>Coordonn\u00e9es<\/strong><\/p>\n\n\n\n<p dir=\"ltr\"><p dir=\"ltr\" style=\"text-align: left;\"><strong>BEVRD BOURAOUI MOKHTAR<\/strong><\/p>\n<p dir=\"ltr\" style=\"text-align: left;\">Si\u00e8ge Social : N\u00b019 Rue Djeffal Amara Cit\u00e9 Djoued Biskra Alg\u00e9rie<\/p>\n<p dir=\"ltr\" style=\"text-align: left;\">T\u00e9l: +213.33.53.00.53<\/p>\n<p dir=\"ltr\" style=\"text-align: left;\">Fax: +213.33.53.00.65<\/p>\n<p dir=\"ltr\" style=\"text-align: left;\">Mobile: +213.661.37.40.13<\/p>\n<p dir=\"ltr\" style=\"text-align: left;\">Email: bevrdbouraoui@gmail.com<\/p>\n<p dir=\"ltr\" style=\"text-align: left;\"><strong>Centre de formation CFDC BOURAOUI<\/strong><\/p>\n<p dir=\"ltr\" style=\"text-align: left;\">Cit\u00e9 Ain Sefiha-Setif<\/p>\n<p dir=\"ltr\" style=\"text-align: left;\">T\u00e9l: +213.36.64.20.91<\/p><\/p>\n\n\n<p dir=\"ltr\"><iframe loading=\"lazy\" style=\"border: 0;\" tabindex=\"0\" src=\"https:\/\/www.google.com\/maps\/embed?pb=!1m18!1m12!1m3!1d3830.233780327393!2d5.39150908703738!3d36.17069476242375!2m3!1f0!2f0!3f0!3m2!1i1024!2i768!4f13.1!3m3!1m2!1s0x12f33f874741a241%3A0x2b19240f88e1bf90!2sCFDC%20BOURAOUI!5e0!3m2!1sfr!2sdz!4v1589103489932!5m2!1sfr!2sdz\" width=\"600\" height=\"450\" frameborder=\"0\" allowfullscreen=\"allowfullscreen\" aria-hidden=\"false\"><\/iframe><\/p>\n<p dir=\"ltr\">\n<\/p><p>&nbsp;<\/p>","protected":false},"excerpt":{"rendered":"<p>Le BEVRD est un bureau d\u2019\u00e9tudes techniques et d\u2019ing\u00e9nierie sp\u00e9cialis\u00e9 dans le domaine de cartographie num\u00e9rique et SIG, \u00e9tudes de route, Hydraulique et topographie. Comptant sur le savoir-faire acquis par son exp\u00e9rience professionnelle durant 25 ans , le BEVRD est capable de traiter les projets de la phase initiale (importation de donn\u00e9es de terrain) \u00e0 [&hellip;]<\/p>\n","protected":false},"author":1,"featured_media":0,"parent":0,"menu_order":0,"comment_status":"closed","ping_status":"closed","template":"","meta":{"footnotes":""},"class_list":["post-1166","page","type-page","status-publish","hentry"],"_links":{"self":[{"href":"https:\/\/services.bevrd.dz\/index.php?rest_route=\/wp\/v2\/pages\/1166","targetHints":{"allow":["GET"]}}],"collection":[{"href":"https:\/\/services.bevrd.dz\/index.php?rest_route=\/wp\/v2\/pages"}],"about":[{"href":"https:\/\/services.bevrd.dz\/index.php?rest_route=\/wp\/v2\/types\/page"}],"author":[{"embeddable":true,"href":"https:\/\/services.bevrd.dz\/index.php?rest_route=\/wp\/v2\/users\/1"}],"replies":[{"embeddable":true,"href":"https:\/\/services.bevrd.dz\/index.php?rest_route=%2Fwp%2Fv2%2Fcomments&post=1166"}],"version-history":[{"count":6,"href":"https:\/\/services.bevrd.dz\/index.php?rest_route=\/wp\/v2\/pages\/1166\/revisions"}],"predecessor-version":[{"id":1495,"href":"https:\/\/services.bevrd.dz\/index.php?rest_route=\/wp\/v2\/pages\/1166\/revisions\/1495"}],"wp:attachment":[{"href":"https:\/\/services.bevrd.dz\/index.php?rest_route=%2Fwp%2Fv2%2Fmedia&parent=1166"}],"curies":[{"name":"wp","href":"https:\/\/api.w.org\/{rel}","templated":true}]}}